{"id":2233,"date":"2022-01-21T10:23:52","date_gmt":"2022-01-21T14:23:52","guid":{"rendered":"https:\/\/pdn.laboratoirecreatif.ca\/?page_id=2233"},"modified":"2022-02-22T09:56:52","modified_gmt":"2022-02-22T13:56:52","slug":"blog","status":"publish","type":"page","link":"https:\/\/agencepdn.com\/en\/blog\/","title":{"rendered":"Blog"},"content":{"rendered":"\t\t<div data-elementor-type=\"wp-page\" data-elementor-id=\"2233\" class=\"elementor elementor-2233 elementor-1058\" data-elementor-post-type=\"page\">\n\t\t\t\t\t\t<section data-particle_enable=\"false\" data-particle-mobile-disabled=\"false\" class=\"elementor-section elementor-top-section elementor-element elementor-element-cbebf69 elementor-section-height-min-height elementor-section-boxed elementor-section-height-default elementor-section-items-middle elementor-invisible\" data-id=\"cbebf69\" data-element_type=\"section\" data-e-type=\"section\" data-settings=\"{&quot;background_background&quot;:&quot;classic&quot;,&quot;animation&quot;:&quot;fadeIn&quot;}\">\n\t\t\t\t\t\t\t<div class=\"elementor-background-overlay\"><\/div>\n\t\t\t\t\t\t\t<div class=\"elementor-container elementor-column-gap-default\">\n\t\t\t\t\t<div class=\"elementor-column elementor-col-50 elementor-top-column elementor-element elementor-element-e7289ee\" data-id=\"e7289ee\" data-element_type=\"column\" data-e-type=\"column\">\n\t\t\t<div class=\"elementor-widget-wrap elementor-element-populated\">\n\t\t\t\t\t\t<div class=\"elementor-element elementor-element-9b133b6 elementor-widget elementor-widget-heading\" data-id=\"9b133b6\" data-element_type=\"widget\" data-e-type=\"widget\" data-widget_type=\"heading.default\">\n\t\t\t\t<div class=\"elementor-widget-container\">\n\t\t\t\t\t<h2 class=\"elementor-heading-title elementor-size-default\">The <b style=\"font-weight:700\">Cybersecurity<\/b> <b style=\"font-weight:700\">blog<\/b><\/h2>\t\t\t\t<\/div>\n\t\t\t\t<\/div>\n\t\t\t\t\t<\/div>\n\t\t<\/div>\n\t\t\t\t<div class=\"elementor-column elementor-col-50 elementor-top-column elementor-element elementor-element-4a68686 elementor-hidden-mobile\" data-id=\"4a68686\" data-element_type=\"column\" data-e-type=\"column\">\n\t\t\t<div class=\"elementor-widget-wrap\">\n\t\t\t\t\t\t\t<\/div>\n\t\t<\/div>\n\t\t\t\t\t<\/div>\n\t\t<\/section>\n\t\t\t\t<section data-particle_enable=\"false\" data-particle-mobile-disabled=\"false\" class=\"elementor-section elementor-top-section elementor-element elementor-element-ffaeb50 elementor-section-boxed elementor-section-height-default elementor-section-height-default\" data-id=\"ffaeb50\" data-element_type=\"section\" data-e-type=\"section\">\n\t\t\t\t\t\t<div class=\"elementor-container elementor-column-gap-default\">\n\t\t\t\t\t<div class=\"elementor-column elementor-col-100 elementor-top-column elementor-element elementor-element-c0d0fe6\" data-id=\"c0d0fe6\" data-element_type=\"column\" data-e-type=\"column\">\n\t\t\t<div class=\"elementor-widget-wrap elementor-element-populated\">\n\t\t\t\t\t\t<div class=\"elementor-element elementor-element-dd77b0b elementor-widget elementor-widget-eael-post-list\" data-id=\"dd77b0b\" data-element_type=\"widget\" data-e-type=\"widget\" data-widget_type=\"eael-post-list.default\">\n\t\t\t\t<div class=\"elementor-widget-container\">\n\t\t\t\t\t<div class=\"eael-post-list-container advanced layout-advanced\"><div class=\"eael-post-list-header\"><div class=\"post-categories eael-categories-layout-horizontal\" data-nonce=\"cfa3116053\" data-page-id=\"2233\" data-widget-id=\"dd77b0b\" data-widget=\"dd77b0b\" data-class=\"Essential_Addons_Elementor\\Pro\\Elements\\Post_List\" data-args=\"orderby=date&amp;order=desc&amp;ignore_sticky_posts=1&amp;post_status=publish&amp;posts_per_page=12&amp;offset=0&amp;post_type=post&amp;tax_query%5B0%5D%5Btaxonomy%5D=category&amp;tax_query%5B0%5D%5Bfield%5D=term_id&amp;tax_query%5B0%5D%5Bterms%5D%5B0%5D=12&amp;tax_query%5B0%5D%5Bterms%5D%5B1%5D=13&amp;tax_query%5B0%5D%5Bterms%5D%5B2%5D=14&amp;tax_query%5B0%5D%5Bterms%5D%5B3%5D=15&amp;tax_query%5B0%5D%5Bterms%5D%5B4%5D=16&amp;tax_query%5B0%5D%5Bterms%5D%5B5%5D=17&amp;tax_query%5B0%5D%5Bterms%5D%5B6%5D=18&amp;tax_query%5B0%5D%5Bterms%5D%5B7%5D=19&amp;tax_query%5B0%5D%5Bterms%5D%5B8%5D=20&amp;tax_query%5Brelation%5D=AND\" data-settings=\"eael_post_list_post_feature_image=yes&amp;eael_post_list_post_meta=&amp;eael_post_list_post_title=yes&amp;eael_post_list_post_excerpt=no&amp;eael_post_list_pagination=navigation&amp;eael_post_list_layout_type=advanced&amp;eael_post_list_post_cat=&amp;eael_post_list_author_meta=&amp;eael_post_list_title_tag=h2&amp;eael_post_featured_image_size=large\" data-page=\"1\" data-scroll-on-pagination=\"0\" data-scroll-offset=\"100\" data-template=\"{&quot;dir&quot;:&quot;pro&quot;,&quot;file_name&quot;:&quot;advanced.php&quot;,&quot;name&quot;:&quot;Post-List&quot;}\" data-breakpoints=\"{&quot;mobile&quot;:{&quot;label&quot;:&quot;Mobile Portrait&quot;,&quot;value&quot;:767,&quot;direction&quot;:&quot;max&quot;},&quot;tablet&quot;:{&quot;label&quot;:&quot;Tablet Portrait&quot;,&quot;value&quot;:1024,&quot;direction&quot;:&quot;max&quot;},&quot;desktop&quot;:{&quot;label&quot;:&quot;Desktop&quot;,&quot;value&quot;:1025,&quot;direction&quot;:&quot;min&quot;}}\" data-layout-settings=\"{&quot;mobile&quot;:&quot;vertical&quot;,&quot;tablet&quot;:&quot;horizontal&quot;,&quot;desktop&quot;:&quot;horizontal&quot;}\">\n                            <a href=\"javascript:;\" data-taxonomy=\"all\" data-id=\"\" class=\"active post-list-filter-item post-list-cat-dd77b0b\">All<\/a><a href=\"javascript:;\" data-taxonomy=\"category\" data-id=\"12\" class=\"iptv post-list-filter-item post-list-cat-dd77b0b\">IPTV<\/a><a href=\"javascript:;\" data-taxonomy=\"category\" data-id=\"13\" class=\"musique post-list-filter-item post-list-cat-dd77b0b\">Musique<\/a><a href=\"javascript:;\" data-taxonomy=\"category\" data-id=\"14\" class=\"jeux vid\u00e9o post-list-filter-item post-list-cat-dd77b0b\">Jeux vid\u00e9o<\/a><a href=\"javascript:;\" data-taxonomy=\"category\" data-id=\"15\" class=\"cin\u00e9ma post-list-filter-item post-list-cat-dd77b0b\">Cin\u00e9ma<\/a><a href=\"javascript:;\" data-taxonomy=\"category\" data-id=\"16\" class=\"s\u00e9ries t\u00e9l\u00e9 post-list-filter-item post-list-cat-dd77b0b\">S\u00e9ries t\u00e9l\u00e9<\/a><a href=\"javascript:;\" data-taxonomy=\"category\" data-id=\"17\" class=\"piratage post-list-filter-item post-list-cat-dd77b0b\">Piratage<\/a><a href=\"javascript:;\" data-taxonomy=\"category\" data-id=\"18\" class=\"m\u00e9dias sociaux post-list-filter-item post-list-cat-dd77b0b\">M\u00e9dias sociaux<\/a><a href=\"javascript:;\" data-taxonomy=\"category\" data-id=\"19\" class=\"droits d&#039;auteur post-list-filter-item post-list-cat-dd77b0b\">Droits d&#039;auteur<\/a><a href=\"javascript:;\" data-taxonomy=\"category\" data-id=\"20\" class=\"site web post-list-filter-item post-list-cat-dd77b0b\">Site Web<\/a><\/div><\/div><div class=\"eael-post-list-wrap\"><div class=\"eael-post-list-posts-wrap eael-post-appender eael-post-appender-dd77b0b\"><div class=\"eael-post-list-post \"><div class=\"eael-post-list-post-inner\"><div class=\"eael-post-list-thumbnail \"><a href=\"https:\/\/agencepdn.com\/en\/credential-stuffing-2\/\">\n                <img decoding=\"async\" src=\"https:\/\/agencepdn.com\/wp-content\/uploads\/2026\/02\/297-1-1024x427.jpg\" alt=\"\">\n            <\/a><\/div><div class=\"eael-post-list-content\"><h2 class=\"eael-post-list-title\"><a href=\"https:\/\/agencepdn.com\/en\/credential-stuffing-2\/\" >Credential stuffing (2)<\/a><\/h2><div class=\"boxed-meta\"><\/div><\/div><\/div><\/div><div class=\"eael-post-list-post \"><div class=\"eael-post-list-post-inner\"><div class=\"eael-post-list-thumbnail \"><a href=\"https:\/\/agencepdn.com\/en\/le-credential-stuffing-2\/\">\n                <img decoding=\"async\" src=\"https:\/\/agencepdn.com\/wp-content\/uploads\/2026\/02\/credentials-blank1-1-1024x427.jpg\" alt=\"\">\n            <\/a><\/div><div class=\"eael-post-list-content\"><h2 class=\"eael-post-list-title\"><a href=\"https:\/\/agencepdn.com\/en\/le-credential-stuffing-2\/\" >Credential stuffing (1)<\/a><\/h2><div class=\"boxed-meta\"><\/div><\/div><\/div><\/div><div class=\"eael-post-list-post \"><div class=\"eael-post-list-post-inner\"><div class=\"eael-post-list-thumbnail \"><a href=\"https:\/\/agencepdn.com\/en\/cybersecurity-and-anti-piracy-a-look-back-at-2025\/\">\n                <img decoding=\"async\" src=\"https:\/\/agencepdn.com\/wp-content\/uploads\/2026\/01\/retrospective-2025-blank-1-1024x427.jpg\" alt=\"\">\n            <\/a><\/div><div class=\"eael-post-list-content\"><h2 class=\"eael-post-list-title\"><a href=\"https:\/\/agencepdn.com\/en\/cybersecurity-and-anti-piracy-a-look-back-at-2025\/\" >Cybersecurity and anti-piracy: a look back at 2025<\/a><\/h2><div class=\"boxed-meta\"><\/div><\/div><\/div><\/div><div class=\"eael-post-list-post \"><div class=\"eael-post-list-post-inner\"><div class=\"eael-post-list-thumbnail \"><a href=\"https:\/\/agencepdn.com\/en\/cybersecurity-and-the-energy-sector-2\/\">\n                <img decoding=\"async\" src=\"https:\/\/agencepdn.com\/wp-content\/uploads\/2025\/12\/energy-2-blank-1024x427.jpg\" alt=\"\">\n            <\/a><\/div><div class=\"eael-post-list-content\"><h2 class=\"eael-post-list-title\"><a href=\"https:\/\/agencepdn.com\/en\/cybersecurity-and-the-energy-sector-2\/\" >Cybersecurity and the energy sector (2)<\/a><\/h2><div class=\"boxed-meta\"><\/div><\/div><\/div><\/div><div class=\"eael-post-list-post \"><div class=\"eael-post-list-post-inner\"><div class=\"eael-post-list-thumbnail \"><a href=\"https:\/\/agencepdn.com\/en\/the-challenges-of-cybersecurity-in-the-energy-sector-1\/\">\n                <img decoding=\"async\" src=\"https:\/\/agencepdn.com\/wp-content\/uploads\/2025\/12\/cyber-energy-1-blank-1024x427.jpg\" alt=\"\">\n            <\/a><\/div><div class=\"eael-post-list-content\"><h2 class=\"eael-post-list-title\"><a href=\"https:\/\/agencepdn.com\/en\/the-challenges-of-cybersecurity-in-the-energy-sector-1\/\" >Cyber-security and the energy sector (1)<\/a><\/h2><div class=\"boxed-meta\"><\/div><\/div><\/div><\/div><div class=\"eael-post-list-post \"><div class=\"eael-post-list-post-inner\"><div class=\"eael-post-list-thumbnail \"><a href=\"https:\/\/agencepdn.com\/en\/la-securite-des-donnees-biometriques-2\/\">\n                <img decoding=\"async\" src=\"https:\/\/agencepdn.com\/wp-content\/uploads\/2025\/11\/biom-security-2-1024x427.jpg\" alt=\"\">\n            <\/a><\/div><div class=\"eael-post-list-content\"><h2 class=\"eael-post-list-title\"><a href=\"https:\/\/agencepdn.com\/en\/la-securite-des-donnees-biometriques-2\/\" >Biometric data security (2)<\/a><\/h2><div class=\"boxed-meta\"><\/div><\/div><\/div><\/div><div class=\"eael-post-list-post \"><div class=\"eael-post-list-post-inner\"><div class=\"eael-post-list-thumbnail \"><a href=\"https:\/\/agencepdn.com\/en\/la-securite-des-donnees-biometriques-1\/\">\n                <img decoding=\"async\" src=\"https:\/\/agencepdn.com\/wp-content\/uploads\/2025\/11\/secu-data-biom-blank-1024x427.png\" alt=\"\">\n            <\/a><\/div><div class=\"eael-post-list-content\"><h2 class=\"eael-post-list-title\"><a href=\"https:\/\/agencepdn.com\/en\/la-securite-des-donnees-biometriques-1\/\" >Biometric data security (1)<\/a><\/h2><div class=\"boxed-meta\"><\/div><\/div><\/div><\/div><div class=\"eael-post-list-post \"><div class=\"eael-post-list-post-inner\"><div class=\"eael-post-list-thumbnail \"><a href=\"https:\/\/agencepdn.com\/en\/october-european-cybersecurity-month-2\/\">\n                <img decoding=\"async\" src=\"https:\/\/agencepdn.com\/wp-content\/uploads\/2025\/09\/CSM-1-blank-1024x427.jpg\" alt=\"\">\n            <\/a><\/div><div class=\"eael-post-list-content\"><h2 class=\"eael-post-list-title\"><a href=\"https:\/\/agencepdn.com\/en\/october-european-cybersecurity-month-2\/\" >October, European Cybersecurity Month (2)<\/a><\/h2><div class=\"boxed-meta\"><\/div><\/div><\/div><\/div><div class=\"eael-post-list-post \"><div class=\"eael-post-list-post-inner\"><div class=\"eael-post-list-thumbnail \"><a href=\"https:\/\/agencepdn.com\/en\/october-european-cybersecurity-month-1\/\">\n                <img decoding=\"async\" src=\"https:\/\/agencepdn.com\/wp-content\/uploads\/2025\/09\/CSM-1-blank-1024x427.jpg\" alt=\"\">\n            <\/a><\/div><div class=\"eael-post-list-content\"><h2 class=\"eael-post-list-title\"><a href=\"https:\/\/agencepdn.com\/en\/october-european-cybersecurity-month-1\/\" >October, European Cybersecurity month (1)<\/a><\/h2><div class=\"boxed-meta\"><\/div><\/div><\/div><\/div><div class=\"eael-post-list-post \"><div class=\"eael-post-list-post-inner\"><div class=\"eael-post-list-thumbnail \"><a href=\"https:\/\/agencepdn.com\/en\/how-to-deal-with-cyberfatigue\/\">\n                <img decoding=\"async\" src=\"https:\/\/agencepdn.com\/wp-content\/uploads\/2025\/09\/cyberfatigue-blank-1024x427.jpg\" alt=\"\">\n            <\/a><\/div><div class=\"eael-post-list-content\"><h2 class=\"eael-post-list-title\"><a href=\"https:\/\/agencepdn.com\/en\/how-to-deal-with-cyberfatigue\/\" >How to deal with cyberfatigue ?<\/a><\/h2><div class=\"boxed-meta\"><\/div><\/div><\/div><\/div><div class=\"eael-post-list-post \"><div class=\"eael-post-list-post-inner\"><div class=\"eael-post-list-thumbnail \"><a href=\"https:\/\/agencepdn.com\/en\/cybersecurity-in-the-summer-2\/\">\n                <img decoding=\"async\" src=\"https:\/\/agencepdn.com\/wp-content\/uploads\/2025\/08\/cybersecurite-ete-2-blank-1024x427.png\" alt=\"\">\n            <\/a><\/div><div class=\"eael-post-list-content\"><h2 class=\"eael-post-list-title\"><a href=\"https:\/\/agencepdn.com\/en\/cybersecurity-in-the-summer-2\/\" >Cybersecurity in the summer (2)<\/a><\/h2><div class=\"boxed-meta\"><\/div><\/div><\/div><\/div><div class=\"eael-post-list-post \"><div class=\"eael-post-list-post-inner\"><div class=\"eael-post-list-thumbnail \"><a href=\"https:\/\/agencepdn.com\/en\/cybersecurity-and-summer-1\/\">\n                <img decoding=\"async\" src=\"https:\/\/agencepdn.com\/wp-content\/uploads\/2025\/08\/Cyber-summer-blank-1024x427.png\" alt=\"\">\n            <\/a><\/div><div class=\"eael-post-list-content\"><h2 class=\"eael-post-list-title\"><a href=\"https:\/\/agencepdn.com\/en\/cybersecurity-and-summer-1\/\" >Cybersecurity and summer (1)<\/a><\/h2><div class=\"boxed-meta\"><\/div><\/div><\/div><\/div><\/div><\/div>\n\t\t<\/div><div data-nonce=\"cfa3116053\" class=\"post-list-pagination\" data-widget-id=\"dd77b0b\" data-widget=\"dd77b0b\" data-page-id=\"2233\" data-class=\"Essential_Addons_Elementor\\Pro\\Elements\\Post_List\" data-args=\"orderby=date&amp;order=desc&amp;ignore_sticky_posts=1&amp;post_status=publish&amp;posts_per_page=12&amp;offset=0&amp;post_type=post&amp;tax_query%5B0%5D%5Btaxonomy%5D=category&amp;tax_query%5B0%5D%5Bfield%5D=term_id&amp;tax_query%5B0%5D%5Bterms%5D%5B0%5D=12&amp;tax_query%5B0%5D%5Bterms%5D%5B1%5D=13&amp;tax_query%5B0%5D%5Bterms%5D%5B2%5D=14&amp;tax_query%5B0%5D%5Bterms%5D%5B3%5D=15&amp;tax_query%5B0%5D%5Bterms%5D%5B4%5D=16&amp;tax_query%5B0%5D%5Bterms%5D%5B5%5D=17&amp;tax_query%5B0%5D%5Bterms%5D%5B6%5D=18&amp;tax_query%5B0%5D%5Bterms%5D%5B7%5D=19&amp;tax_query%5B0%5D%5Bterms%5D%5B8%5D=20&amp;tax_query%5Brelation%5D=AND\" data-settings=\"eael_post_list_post_feature_image=yes&amp;eael_post_list_post_meta=&amp;eael_post_list_post_title=yes&amp;eael_post_list_post_excerpt=no&amp;eael_post_list_pagination=navigation&amp;eael_post_list_layout_type=advanced&amp;eael_post_list_post_cat=&amp;eael_post_list_author_meta=&amp;eael_post_list_title_tag=h2&amp;eael_post_featured_image_size=large\" data-page=\"1\" data-scroll-on-pagination=\"0\" data-scroll-offset=\"100\" data-template=\"{&quot;dir&quot;:&quot;pro&quot;,&quot;file_name&quot;:&quot;advanced.php&quot;,&quot;name&quot;:&quot;Post-List&quot;}\">\n            <button class=\"btn btn-prev-post\" id=\"post-nav-prev-dd77b0b\" disabled=\"true\" aria-label=\"previous\"><svg aria-hidden=\"true\" class=\"e-font-icon-svg e-fas-angle-left\" viewBox=\"0 0 256 512\" xmlns=\"http:\/\/www.w3.org\/2000\/svg\"><path d=\"M31.7 239l136-136c9.4-9.4 24.6-9.4 33.9 0l22.6 22.6c9.4 9.4 9.4 24.6 0 33.9L127.9 256l96.4 96.4c9.4 9.4 9.4 24.6 0 33.9L201.7 409c-9.4 9.4-24.6 9.4-33.9 0l-136-136c-9.5-9.4-9.5-24.6-.1-34z\"><\/path><\/svg><\/button><button class=\"btn btn-next-post\" id=\"post-nav-next-dd77b0b\" aria-label=\"next\"><svg aria-hidden=\"true\" class=\"e-font-icon-svg e-fas-angle-right\" viewBox=\"0 0 256 512\" xmlns=\"http:\/\/www.w3.org\/2000\/svg\"><path d=\"M224.3 273l-136 136c-9.4 9.4-24.6 9.4-33.9 0l-22.6-22.6c-9.4-9.4-9.4-24.6 0-33.9l96.4-96.4-96.4-96.4c-9.4-9.4-9.4-24.6 0-33.9L54.3 103c9.4-9.4 24.6-9.4 33.9 0l136 136c9.5 9.4 9.5 24.6.1 34z\"><\/path><\/svg><\/button>\n        <\/div>\t\t\t\t<\/div>\n\t\t\t\t<\/div>\n\t\t\t\t\t<\/div>\n\t\t<\/div>\n\t\t\t\t\t<\/div>\n\t\t<\/section>\n\t\t\t\t<\/div>\n\t\t","protected":false},"excerpt":{"rendered":"<p>The Cybersecurity blog AllIPTVMusicVideo gamesCinemaTV seriesPiracySocial mediaCopyrightWebsite Antipiracy tools for the movie industry How piracy destroys the movie industry Antipiracy: action vs prevention 5 questions about DMCA<\/p>\n","protected":false},"author":4,"featured_media":0,"parent":0,"menu_order":0,"comment_status":"closed","ping_status":"closed","template":"","meta":{"footnotes":""},"class_list":["post-2233","page","type-page","status-publish","hentry"],"_links":{"self":[{"href":"https:\/\/agencepdn.com\/en\/wp-json\/wp\/v2\/pages\/2233","targetHints":{"allow":["GET"]}}],"collection":[{"href":"https:\/\/agencepdn.com\/en\/wp-json\/wp\/v2\/pages"}],"about":[{"href":"https:\/\/agencepdn.com\/en\/wp-json\/wp\/v2\/types\/page"}],"author":[{"embeddable":true,"href":"https:\/\/agencepdn.com\/en\/wp-json\/wp\/v2\/users\/4"}],"replies":[{"embeddable":true,"href":"https:\/\/agencepdn.com\/en\/wp-json\/wp\/v2\/comments?post=2233"}],"version-history":[{"count":9,"href":"https:\/\/agencepdn.com\/en\/wp-json\/wp\/v2\/pages\/2233\/revisions"}],"predecessor-version":[{"id":3444,"href":"https:\/\/agencepdn.com\/en\/wp-json\/wp\/v2\/pages\/2233\/revisions\/3444"}],"wp:attachment":[{"href":"https:\/\/agencepdn.com\/en\/wp-json\/wp\/v2\/media?parent=2233"}],"curies":[{"name":"wp","href":"https:\/\/api.w.org\/{rel}","templated":true}]}}